{"id":448,"date":"2024-01-03T22:22:53","date_gmt":"2024-01-03T22:22:53","guid":{"rendered":"https:\/\/sarahs-schwimmschule.de\/?page_id=448"},"modified":"2025-02-02T21:12:30","modified_gmt":"2025-02-02T21:12:30","slug":"babyschwimmen","status":"publish","type":"page","link":"https:\/\/sarahs-schwimmschule.de\/?page_id=448","title":{"rendered":"Babyschwimmen"},"content":{"rendered":"\n<p>Die ersten magische Begegnung mit dem Wasser.<\/p>\n\n\n\n<figure class=\"wp-block-image size-large\"><img loading=\"lazy\" decoding=\"async\" width=\"1024\" height=\"758\" src=\"https:\/\/sarahs-schwimmschule.de\/wp-content\/uploads\/2024\/01\/IMG-20240103-WA0039-1024x758.jpg\" alt=\"\" class=\"wp-image-449\" srcset=\"https:\/\/sarahs-schwimmschule.de\/wp-content\/uploads\/2024\/01\/IMG-20240103-WA0039-1024x758.jpg 1024w, https:\/\/sarahs-schwimmschule.de\/wp-content\/uploads\/2024\/01\/IMG-20240103-WA0039-300x222.jpg 300w, https:\/\/sarahs-schwimmschule.de\/wp-content\/uploads\/2024\/01\/IMG-20240103-WA0039-768x569.jpg 768w, https:\/\/sarahs-schwimmschule.de\/wp-content\/uploads\/2024\/01\/IMG-20240103-WA0039-1536x1138.jpg 1536w, https:\/\/sarahs-schwimmschule.de\/wp-content\/uploads\/2024\/01\/IMG-20240103-WA0039-2048x1517.jpg 2048w\" sizes=\"auto, (max-width: 1024px) 100vw, 1024px\" \/><\/figure>\n\n\n\n<p>Spielen in der Gruppe ist insofern f\u00fcr das Baby von besonderer Bedeutung, als die intensive k\u00f6rperliche Aktivit\u00e4t, das Beobachten von Mitspielern und die ansteckende Fr\u00f6hlichkeit durch die Anderen das k\u00f6rperliche Engagement, die Teilnahmemotivation und das Lernergebnis beg\u00fcnstigen.<\/p>\n\n\n\n<p>Das erwartet euch im Wasser:<\/p>\n\n\n\n<p>\ud83d\udc63<em>Das Bestreichen und Besprenkeln des Kopfes mit Wasser.<\/em><\/p>\n\n\n\n<p>\ud83d\udc63<em>Das Begie\u00dfen oder Duschen des Kopfes mit Wasser (sehen, f\u00fchlen, sp\u00fcren).<\/em><\/p>\n\n\n\n<p>\ud83d\udc63<em>Das Heranschieben von Wasserwellen an den K\u00f6rper.<\/em><\/p>\n\n\n\n<p>\ud83d\udc63<em>Das Fingerspiel und H\u00e4ndepatschen auf dem Wasser.<\/em><\/p>\n\n\n\n<p>\ud83d\udc63<em>Das Ziehen und Schieben des S\u00e4uglings durch das Wasser.<\/em><\/p>\n\n\n\n<p>\ud83d\udc63<em>Der Seestern im Wasser und noch vieles mehr.<\/em><\/p>\n\n\n\n<p>Die Eltern sind bis zu den Schultern ins Wasser eingetaucht und auf gleicher Augenh\u00f6he mit ihrem Kind.<br>(Wassertiefe 120 cm)<\/p>\n\n\n\n<figure class=\"wp-block-image size-large\"><img loading=\"lazy\" decoding=\"async\" width=\"1024\" height=\"683\" src=\"https:\/\/sarahs-schwimmschule.de\/wp-content\/uploads\/2024\/01\/image00006-1-2048x1365-1-1024x683.jpeg\" alt=\"\" class=\"wp-image-453\" srcset=\"https:\/\/sarahs-schwimmschule.de\/wp-content\/uploads\/2024\/01\/image00006-1-2048x1365-1-1024x683.jpeg 1024w, https:\/\/sarahs-schwimmschule.de\/wp-content\/uploads\/2024\/01\/image00006-1-2048x1365-1-300x200.jpeg 300w, https:\/\/sarahs-schwimmschule.de\/wp-content\/uploads\/2024\/01\/image00006-1-2048x1365-1-768x512.jpeg 768w, https:\/\/sarahs-schwimmschule.de\/wp-content\/uploads\/2024\/01\/image00006-1-2048x1365-1-1536x1024.jpeg 1536w, https:\/\/sarahs-schwimmschule.de\/wp-content\/uploads\/2024\/01\/image00006-1-2048x1365-1.jpeg 2048w\" sizes=\"auto, (max-width: 1024px) 100vw, 1024px\" \/><\/figure>\n\n\n\n<p><strong>Babyschwimmen und Singen<\/strong><\/p>\n\n\n\n<p>Singen ist ein wichtiger Bestandteil, denn singen macht gl\u00fccklich, sprachlich fit und f\u00f6rdert die geistige Entwicklung des Babys.<\/p>\n\n\n\n<p>Schon kleine Babys begeistern sich f\u00fcr einfache T\u00f6ne. Sie lieben es, wenn ihre Eltern singen.<\/p>\n\n\n\n<p>Eins meiner Lieblings Lieder :<\/p>\n\n\n\n<p>Wir Fr\u00f6schelein, wir Fr\u00f6schelein<br>wir sind ein lustiger Chor.<br>Wir haben ja, wir haben ja,<br>kein Schw\u00e4nzlein und kein Ohr<br>Qu &#8211; ak -ak &#8211; ak &#8211; Qu &#8211; ak &#8211; ak &#8211; ak Qu- ak &#8211; ak &#8211; ak &#8211; ak &#8211; aak<br><br>Und kommt der Storch, und kommt der Storch dann h\u00fcpfen wir ins Moor<br>und singen da und singen da<br>viel leiser als zuvor.<br>Qu &#8211; ak -ak &#8211; ak &#8211; Qu &#8211; ak &#8211; ak &#8211; ak Qu- ak &#8211; ak &#8211; ak &#8211; ak &#8211; aak<\/p>\n\n\n\n<p>Und scheint der Mond, und scheint der Mond<br>dann springen wir hervor<br>und singen da und singen da<br>viel lauter als zuvor.<br>Qu &#8211; ak -ak &#8211; ak &#8211; Qu &#8211; ak &#8211; ak &#8211; ak Qu- ak &#8211; ak &#8211; ak &#8211; ak &#8211; aak<\/p>\n\n\n\n<p>Quelle: LyricFind<br>Songwriter: Traditional<br>Songtext von Wir Fr\u00f6schelein \u00a9 Public Domain<br>*Mit kleinen \u00c4nderungen*<\/p>\n\n\n\n<p>Ich begleite euch mit viel Achtsamkeit in den ersten spannenden Momenten im Wasser und gebe Euch alles an die Hand das Ihr ab sofort ein gutes Gef\u00fchl im Wasser habt.<\/p>\n\n\n\n<p>Mitzubringen:<\/p>\n\n\n\n<p>\ud83d\udc63 <em>Schwimmwindel<\/em><\/p>\n\n\n\n<p>\ud83d\udc63 <em>Wickelunterlage<\/em><\/p>\n\n\n\n<p>\ud83d\udc63 <em>Was zu trinken<\/em><\/p>\n\n\n\n<p>\ud83d\udc63 <em>Badetuch zum einkuscheln gleich nach dem die Babys aus dem Wasser kommen.<\/em><\/p>\n\n\n\n<p>Die Babys sollten nach dem Schwimmen mit<\/p>\n\n\n\n<p>Calendula \u00d6l \/ Creme eingerieben werden.<\/p>\n\n\n\n<p><strong>Babyschwimmen Folgekurse:<\/strong><\/p>\n\n\n\n<p>Die Folgekurse f\u00fcr das Babyschwimmen bauen aufeinander auf. So werden von Kurs zu Kurs spielerisch immer mehr Fertigkeiten erlernt.<\/p>\n\n\n\n<p><strong>Wir freuen uns auf euch <\/strong>\u2764\ufe0f<\/p>\n\n\n\n<figure class=\"wp-block-image size-full\"><img loading=\"lazy\" decoding=\"async\" width=\"2560\" height=\"1707\" src=\"https:\/\/sarahs-schwimmschule.de\/wp-content\/uploads\/2022\/04\/image00020-1-scaled.jpeg\" alt=\"\" class=\"wp-image-45\" srcset=\"https:\/\/sarahs-schwimmschule.de\/wp-content\/uploads\/2022\/04\/image00020-1-scaled.jpeg 2560w, https:\/\/sarahs-schwimmschule.de\/wp-content\/uploads\/2022\/04\/image00020-1-300x200.jpeg 300w, https:\/\/sarahs-schwimmschule.de\/wp-content\/uploads\/2022\/04\/image00020-1-1024x683.jpeg 1024w, https:\/\/sarahs-schwimmschule.de\/wp-content\/uploads\/2022\/04\/image00020-1-768x512.jpeg 768w, https:\/\/sarahs-schwimmschule.de\/wp-content\/uploads\/2022\/04\/image00020-1-1536x1024.jpeg 1536w, https:\/\/sarahs-schwimmschule.de\/wp-content\/uploads\/2022\/04\/image00020-1-2048x1365.jpeg 2048w\" sizes=\"auto, (max-width: 2560px) 100vw, 2560px\" \/><\/figure>\n\n\n","protected":false},"excerpt":{"rendered":"<p>Die ersten magische Begegnung mit dem Wasser. Spielen in der Gruppe ist insofern f\u00fcr das Baby von besonderer Bedeutung, als die intensive k\u00f6rperliche Aktivit\u00e4t, das Beobachten von Mitspielern und die&hellip; <a href=\"https:\/\/sarahs-schwimmschule.de\/?page_id=448\" class=\"more-link\">Weiterlesen <span class=\"screen-reader-text\">Babyschwimmen<\/span><\/a><\/p>\n","protected":false},"author":1,"featured_media":0,"parent":0,"menu_order":0,"comment_status":"closed","ping_status":"closed","template":"","meta":{"_price":"","_stock":"","_tribe_ticket_header":"","_tribe_default_ticket_provider":"","_tribe_ticket_capacity":"0","_ticket_start_date":"","_ticket_end_date":"","_tribe_ticket_show_description":"","_tribe_ticket_show_not_going":false,"_tribe_ticket_use_global_stock":"","_tribe_ticket_global_stock_level":"","_global_stock_mode":"","_global_stock_cap":"","_tribe_rsvp_for_event":"","_tribe_ticket_going_count":"","_tribe_ticket_not_going_count":"","_tribe_tickets_list":"[]","_tribe_ticket_has_attendee_info_fields":false,"footnotes":"[]","_tec_slr_enabled":"","_tec_slr_layout":""},"class_list":["post-448","page","type-page","status-publish","hentry","without-featured-image"],"ticketed":false,"_links":{"self":[{"href":"https:\/\/sarahs-schwimmschule.de\/index.php?rest_route=\/wp\/v2\/pages\/448","targetHints":{"allow":["GET"]}}],"collection":[{"href":"https:\/\/sarahs-schwimmschule.de\/index.php?rest_route=\/wp\/v2\/pages"}],"about":[{"href":"https:\/\/sarahs-schwimmschule.de\/index.php?rest_route=\/wp\/v2\/types\/page"}],"author":[{"embeddable":true,"href":"https:\/\/sarahs-schwimmschule.de\/index.php?rest_route=\/wp\/v2\/users\/1"}],"replies":[{"embeddable":true,"href":"https:\/\/sarahs-schwimmschule.de\/index.php?rest_route=%2Fwp%2Fv2%2Fcomments&post=448"}],"version-history":[{"count":11,"href":"https:\/\/sarahs-schwimmschule.de\/index.php?rest_route=\/wp\/v2\/pages\/448\/revisions"}],"predecessor-version":[{"id":504,"href":"https:\/\/sarahs-schwimmschule.de\/index.php?rest_route=\/wp\/v2\/pages\/448\/revisions\/504"}],"wp:attachment":[{"href":"https:\/\/sarahs-schwimmschule.de\/index.php?rest_route=%2Fwp%2Fv2%2Fmedia&parent=448"}],"curies":[{"name":"wp","href":"https:\/\/api.w.org\/{rel}","templated":true}]}}