{"id":16,"date":"2022-04-30T16:00:42","date_gmt":"2022-04-30T16:00:42","guid":{"rendered":"https:\/\/sarahs-schwimmschule.de\/?page_id=16"},"modified":"2024-01-03T18:53:46","modified_gmt":"2024-01-03T18:53:46","slug":"impressum","status":"publish","type":"page","link":"https:\/\/sarahs-schwimmschule.de\/?page_id=16","title":{"rendered":"Impressum"},"content":{"rendered":"\n<p>Angaben gem\u00e4\u00df&nbsp;<a href=\"https:\/\/www.gesetze-im-internet.de\/tmg\/__5.html\">\u00a7 5 TMG<\/a><\/p>\n\n\n\n<p>Sarah Link<\/p>\n\n\n\n<p>Mobil: 0170 \/ 8544439<\/p>\n\n\n\n<p>info@sarahs-schwimmschule.de<\/p>\n\n\n\n<p><strong>Registereintrag<\/strong><strong><\/strong><\/p>\n\n\n\n<p>Registernummer<\/p>\n\n\n\n<p><strong>Umsatzsteuer-Identifikationsnummer<\/strong><strong><\/strong><\/p>\n\n\n\n<p>gem\u00e4\u00df \u00a727 a Umsatzsteuergesetz:<\/p>\n\n\n\n<p><strong>Inhaltlich verantwortlich<\/strong><strong><\/strong><\/p>\n\n\n\n<p>Sarah Link<\/p>\n\n\n\n<p><strong>Bildernachweis<\/strong><\/p>\n\n\n\n<p>Sarah Link<\/p>\n\n\n\n<p><strong>Online-Streitbeilegung<\/strong><\/p>\n\n\n\n<p>Pflichtinformation gem\u00e4\u00df&nbsp;<a href=\"https:\/\/eur-lex.europa.eu\/legal-content\/DE\/TXT\/?uri=uriserv:OJ.L_.2013.165.01.0001.01.DEU&amp;toc=OJ:L:2013:165:FULL\" target=\"_blank\" rel=\"noreferrer noopener\">Verordnung (EU) Nr. 524\/2013<\/a>&nbsp;(ODR-VO, Artikel 14, Absatz 1) des Europ\u00e4ischen Parlaments und Rats: Die Europ\u00e4ische Kommission stellt eine Plattform f\u00fcr die au\u00dfergerichtliche Online-Streitbeilegung (OS-Plattform) bereit, die unter&nbsp;<a href=\"https:\/\/ec.europa.eu\/consumers\/odr\/\" target=\"_blank\" rel=\"noreferrer noopener\">https:\/\/ec.europa.eu\/consumers\/odr\/<\/a>&nbsp;aufrufbar ist. Unsere E-Mail-Adresse finden Sie in unserem Impressum.<\/p>\n\n\n\n<p><strong>Haftung f\u00fcr Inhalte<\/strong><\/p>\n\n\n\n<p>Als Diensteanbieter sind wir gem\u00e4\u00df&nbsp;<a href=\"https:\/\/www.gesetze-im-internet.de\/tmg\/__7.html\">\u00a7 7 Abs. 1 TMG<\/a>&nbsp;f\u00fcr eigene Inhalte auf diesen Seiten nach den allgemeinen Gesetzen verantwortlich. Nach&nbsp;<a href=\"https:\/\/www.gesetze-im-internet.de\/tmg\/__8.html\">\u00a7\u00a7 8 bis 10 TMG<\/a>&nbsp;sind wir als Diensteanbieter jedoch nicht verpflichtet, \u00fcbermittelte oder gespeicherte fremde Informationen zu \u00fcberwachen oder nach Umst\u00e4nden zu forschen, die auf eine rechtswidrige T\u00e4tigkeit hinweisen. Verpflichtungen zur Entfernung oder Sperrung der Nutzung von Informationen nach den allgemeinen Gesetzen bleiben hiervon unber\u00fchrt. Eine diesbez\u00fcgliche Haftung ist jedoch erst ab dem Zeitpunkt der Kenntnis einer konkreten Rechtsverletzung m\u00f6glich. Bei Bekanntwerden von entsprechenden Rechtsverletzungen werden wir diese Inhalte umgehend entfernen.<\/p>\n\n\n\n<p>Trotz sorgf\u00e4ltiger Pr\u00fcfung \u00fcbernehmen wir keinerlei Gew\u00e4hr f\u00fcr die Richtigkeit, Aktualit\u00e4t oder Vollst\u00e4ndigkeit, der auf dieser Website ver\u00f6ffentlichten Informationen. F\u00fcr eventuelle Sch\u00e4den materieller oder ideeller Art, die sich aus der Nutzung des Informationsangebots ergeben, sind grunds\u00e4tzlich keine Haftungsanspr\u00fcche gegen\u00fcber den Herausgebern geltend zu machen. Die Herausgeber behalten sich vor, die Website als Ganzes, oder teilweise ohne vorherige Ank\u00fcndigung zu ver\u00e4ndern oder die Ver\u00f6ffentlichung ganz einzustellen.<\/p>\n\n\n\n<p><strong>Haftung f\u00fcr Links<\/strong><\/p>\n\n\n\n<p>Unser Angebot enth\u00e4lt Links zu externen Webseiten Dritter, auf deren Inhalte wir keinen Einfluss haben. Deshalb k\u00f6nnen wir f\u00fcr diese fremden Inhalte auch keine Gew\u00e4hr \u00fcbernehmen. F\u00fcr die Inhalte der verlinkten Seiten ist stets der jeweilige Anbieter oder Betreiber der Seiten verantwortlich. Die verlinkten Seiten wurden zum Zeitpunkt der Verlinkung auf m\u00f6gliche Rechtsverst\u00f6\u00dfe \u00fcberpr\u00fcft. Rechtswidrige Inhalte waren zum Zeitpunkt der Verlinkung nicht erkennbar. Eine permanente inhaltliche Kontrolle der verlinkten Seiten ist jedoch ohne konkrete Anhaltspunkte einer Rechtsverletzung nicht zumutbar. Bei Bekanntwerden von Rechtsverletzungen werden wir derartige Links umgehend entfernen.<\/p>\n\n\n\n<p><strong>Urheberrecht<\/strong><\/p>\n\n\n\n<p>Die durch die Seitenbetreiber erstellten Inhalte und Werke auf diesen Seiten unterliegen dem deutschen Urheberrecht. Die Vervielf\u00e4ltigung, Bearbeitung, Verbreitung und jede Art der Verwertung au\u00dferhalb der Grenzen des Urheberrechtes bed\u00fcrfen der schriftlichen Zustimmung des jeweiligen Autors bzw. Erstellers. Downloads und Kopien dieser Seite sind nur f\u00fcr den privaten, nicht kommerziellen Gebrauch gestattet. Soweit die Inhalte auf dieser Seite nicht vom Betreiber erstellt wurden, werden die Urheberrechte Dritter beachtet. Insbesondere werden Inhalte Dritter als solche gekennzeichnet. Sollten Sie trotzdem auf eine Urheberrechtsverletzung aufmerksam werden, bitten wir um einen entsprechenden Hinweis. Bei Bekanntwerden von Rechtsverletzungen werden wir derartige Inhalte umgehend entfernen.<\/p>\n\n\n\n<p>Alle innerhalb des Internetangebotes genannten und ggf. durch Dritte gesch\u00fctzten Marken- und Warenzeichen unterliegen uneingeschr\u00e4nkt den Bestimmungen des jeweils g\u00fcltigen Kennzeichenrechts und den Besitzrechten der jeweiligen eingetragenen Eigent\u00fcmer. Allein aufgrund der blo\u00dfen Nennung in unserem Internetangebot ist nicht der Schluss zu ziehen, dass Markenzeichen nicht durch Rechte Dritter gesch\u00fctzt sind.<\/p>\n","protected":false},"excerpt":{"rendered":"<p>Angaben gem\u00e4\u00df&nbsp;\u00a7 5 TMG Sarah Link Mobil: 0170 \/ 8544439 info@sarahs-schwimmschule.de Registereintrag Registernummer Umsatzsteuer-Identifikationsnummer gem\u00e4\u00df \u00a727 a Umsatzsteuergesetz: Inhaltlich verantwortlich Sarah Link Bildernachweis Sarah Link Online-Streitbeilegung Pflichtinformation gem\u00e4\u00df&nbsp;Verordnung (EU) Nr.&hellip; <a href=\"https:\/\/sarahs-schwimmschule.de\/?page_id=16\" class=\"more-link\">Weiterlesen <span class=\"screen-reader-text\">Impressum<\/span><\/a><\/p>\n","protected":false},"author":1,"featured_media":0,"parent":0,"menu_order":0,"comment_status":"closed","ping_status":"closed","template":"","meta":{"_price":"","_stock":"","_tribe_ticket_header":"","_tribe_default_ticket_provider":"","_tribe_ticket_capacity":"0","_ticket_start_date":"","_ticket_end_date":"","_tribe_ticket_show_description":"","_tribe_ticket_show_not_going":false,"_tribe_ticket_use_global_stock":"","_tribe_ticket_global_stock_level":"","_global_stock_mode":"","_global_stock_cap":"","_tribe_rsvp_for_event":"","_tribe_ticket_going_count":"","_tribe_ticket_not_going_count":"","_tribe_tickets_list":"[]","_tribe_ticket_has_attendee_info_fields":false,"footnotes":"","_tec_slr_enabled":"","_tec_slr_layout":""},"class_list":["post-16","page","type-page","status-publish","hentry","without-featured-image"],"ticketed":false,"_links":{"self":[{"href":"https:\/\/sarahs-schwimmschule.de\/index.php?rest_route=\/wp\/v2\/pages\/16","targetHints":{"allow":["GET"]}}],"collection":[{"href":"https:\/\/sarahs-schwimmschule.de\/index.php?rest_route=\/wp\/v2\/pages"}],"about":[{"href":"https:\/\/sarahs-schwimmschule.de\/index.php?rest_route=\/wp\/v2\/types\/page"}],"author":[{"embeddable":true,"href":"https:\/\/sarahs-schwimmschule.de\/index.php?rest_route=\/wp\/v2\/users\/1"}],"replies":[{"embeddable":true,"href":"https:\/\/sarahs-schwimmschule.de\/index.php?rest_route=%2Fwp%2Fv2%2Fcomments&post=16"}],"version-history":[{"count":3,"href":"https:\/\/sarahs-schwimmschule.de\/index.php?rest_route=\/wp\/v2\/pages\/16\/revisions"}],"predecessor-version":[{"id":442,"href":"https:\/\/sarahs-schwimmschule.de\/index.php?rest_route=\/wp\/v2\/pages\/16\/revisions\/442"}],"wp:attachment":[{"href":"https:\/\/sarahs-schwimmschule.de\/index.php?rest_route=%2Fwp%2Fv2%2Fmedia&parent=16"}],"curies":[{"name":"wp","href":"https:\/\/api.w.org\/{rel}","templated":true}]}}