{"id":15,"date":"2022-04-30T16:00:07","date_gmt":"2022-04-30T16:00:07","guid":{"rendered":"https:\/\/sarahs-schwimmschule.de\/?page_id=15"},"modified":"2025-02-02T21:28:36","modified_gmt":"2025-02-02T21:28:36","slug":"ueber-mich","status":"publish","type":"page","link":"https:\/\/sarahs-schwimmschule.de\/?page_id=15","title":{"rendered":"\u00dcber Mich"},"content":{"rendered":"\n<p class=\"has-text-align-center\">Ich bin selber Mama und lebe in Poppenhausen. \u00dcber die<br>eigene Liebe zum Schwimmen habe ich mich immer weiter<br>qualifiziert. Als langj\u00e4hrige Ausbilderin und Pr\u00fcferin f\u00fcr<br>Schwimmen und Rettungsschwimmer bei der DLRG Ortsgruppe Stadt Fulda e.V., habe ich eine umfangreiche praktische Erfahrung im Anf\u00e4ngerschwimmen, als auch die Qualifikation und Berechtigung, Schwimmpr\u00fcfungen abzunehmen.<\/p>\n\n\n\n<figure class=\"wp-block-gallery has-nested-images columns-default is-cropped wp-block-gallery-1 is-layout-flex wp-block-gallery-is-layout-flex\">\n<figure class=\"wp-block-image size-large\"><img loading=\"lazy\" decoding=\"async\" width=\"1024\" height=\"768\" data-id=\"505\" src=\"https:\/\/sarahs-schwimmschule.de\/wp-content\/uploads\/2025\/02\/IMG_6254-1024x768.jpeg\" alt=\"\" class=\"wp-image-505\" srcset=\"https:\/\/sarahs-schwimmschule.de\/wp-content\/uploads\/2025\/02\/IMG_6254-1024x768.jpeg 1024w, https:\/\/sarahs-schwimmschule.de\/wp-content\/uploads\/2025\/02\/IMG_6254-300x225.jpeg 300w, https:\/\/sarahs-schwimmschule.de\/wp-content\/uploads\/2025\/02\/IMG_6254-768x576.jpeg 768w, https:\/\/sarahs-schwimmschule.de\/wp-content\/uploads\/2025\/02\/IMG_6254-1536x1152.jpeg 1536w, https:\/\/sarahs-schwimmschule.de\/wp-content\/uploads\/2025\/02\/IMG_6254-2048x1536.jpeg 2048w\" sizes=\"auto, (max-width: 1024px) 100vw, 1024px\" \/><\/figure>\n<\/figure>\n\n\n\n<p><\/p>\n\n\n\n<div class=\"wp-block-columns is-layout-flex wp-container-core-columns-is-layout-9d6595d7 wp-block-columns-is-layout-flex\">\n<div class=\"wp-block-column is-layout-flow wp-block-column-is-layout-flow\">\n<figure class=\"wp-block-image size-full is-resized\"><a href=\"https:\/\/holzleidenschaft.de\/\"><img loading=\"lazy\" decoding=\"async\" width=\"350\" height=\"220\" src=\"https:\/\/sarahs-schwimmschule.de\/wp-content\/uploads\/2022\/05\/holz-leidenschaft_350x220-4.jpeg\" alt=\"\" class=\"wp-image-159\" style=\"width:256px;height:160px\" srcset=\"https:\/\/sarahs-schwimmschule.de\/wp-content\/uploads\/2022\/05\/holz-leidenschaft_350x220-4.jpeg 350w, https:\/\/sarahs-schwimmschule.de\/wp-content\/uploads\/2022\/05\/holz-leidenschaft_350x220-4-300x189.jpeg 300w\" sizes=\"auto, (max-width: 350px) 100vw, 350px\" \/><\/a><\/figure>\n<\/div>\n\n\n\n<div class=\"wp-block-column is-layout-flow wp-block-column-is-layout-flow\">\n<figure class=\"wp-block-image size-large\"><a href=\"https:\/\/www.wolfhotel-zurlinde.de\/\"><img loading=\"lazy\" decoding=\"async\" width=\"1024\" height=\"576\" src=\"https:\/\/sarahs-schwimmschule.de\/wp-content\/uploads\/2022\/05\/b6d1496c-efc6-4ec3-a3bf-4bf17a2cd605-3-1024x576.png\" alt=\"\" class=\"wp-image-160\" srcset=\"https:\/\/sarahs-schwimmschule.de\/wp-content\/uploads\/2022\/05\/b6d1496c-efc6-4ec3-a3bf-4bf17a2cd605-3-1024x576.png 1024w, https:\/\/sarahs-schwimmschule.de\/wp-content\/uploads\/2022\/05\/b6d1496c-efc6-4ec3-a3bf-4bf17a2cd605-3-300x169.png 300w, https:\/\/sarahs-schwimmschule.de\/wp-content\/uploads\/2022\/05\/b6d1496c-efc6-4ec3-a3bf-4bf17a2cd605-3-768x432.png 768w, https:\/\/sarahs-schwimmschule.de\/wp-content\/uploads\/2022\/05\/b6d1496c-efc6-4ec3-a3bf-4bf17a2cd605-3-1536x864.png 1536w, https:\/\/sarahs-schwimmschule.de\/wp-content\/uploads\/2022\/05\/b6d1496c-efc6-4ec3-a3bf-4bf17a2cd605-3.png 1600w\" sizes=\"auto, (max-width: 1024px) 100vw, 1024px\" \/><\/a><\/figure>\n<\/div>\n\n\n\n<div class=\"wp-block-column is-layout-flow wp-block-column-is-layout-flow\">\n<figure class=\"wp-block-image size-full\"><a href=\"https:\/\/www.hebamme-beermann.de\/\"><img loading=\"lazy\" decoding=\"async\" width=\"709\" height=\"473\" src=\"https:\/\/sarahs-schwimmschule.de\/wp-content\/uploads\/2022\/05\/2515e27a223b4e5cbef07378810e3302-0001-2.jpg\" alt=\"\" class=\"wp-image-161\" srcset=\"https:\/\/sarahs-schwimmschule.de\/wp-content\/uploads\/2022\/05\/2515e27a223b4e5cbef07378810e3302-0001-2.jpg 709w, https:\/\/sarahs-schwimmschule.de\/wp-content\/uploads\/2022\/05\/2515e27a223b4e5cbef07378810e3302-0001-2-300x200.jpg 300w\" sizes=\"auto, (max-width: 709px) 100vw, 709px\" \/><\/a><\/figure>\n<\/div>\n<\/div>\n\n\n\n<p><\/p>\n","protected":false},"excerpt":{"rendered":"<p>Ich bin selber Mama und lebe in Poppenhausen. \u00dcber dieeigene Liebe zum Schwimmen habe ich mich immer weiterqualifiziert. Als langj\u00e4hrige Ausbilderin und Pr\u00fcferin f\u00fcrSchwimmen und Rettungsschwimmer bei der DLRG Ortsgruppe&hellip; <a href=\"https:\/\/sarahs-schwimmschule.de\/?page_id=15\" class=\"more-link\">Weiterlesen <span class=\"screen-reader-text\">\u00dcber Mich<\/span><\/a><\/p>\n","protected":false},"author":1,"featured_media":0,"parent":0,"menu_order":0,"comment_status":"closed","ping_status":"closed","template":"","meta":{"_price":"","_stock":"","_tribe_ticket_header":"","_tribe_default_ticket_provider":"","_tribe_ticket_capacity":"0","_ticket_start_date":"","_ticket_end_date":"","_tribe_ticket_show_description":"","_tribe_ticket_show_not_going":false,"_tribe_ticket_use_global_stock":"","_tribe_ticket_global_stock_level":"","_global_stock_mode":"","_global_stock_cap":"","_tribe_rsvp_for_event":"","_tribe_ticket_going_count":"","_tribe_ticket_not_going_count":"","_tribe_tickets_list":"[]","_tribe_ticket_has_attendee_info_fields":false,"footnotes":"","_tec_slr_enabled":"","_tec_slr_layout":""},"class_list":["post-15","page","type-page","status-publish","hentry","without-featured-image"],"ticketed":false,"_links":{"self":[{"href":"https:\/\/sarahs-schwimmschule.de\/index.php?rest_route=\/wp\/v2\/pages\/15","targetHints":{"allow":["GET"]}}],"collection":[{"href":"https:\/\/sarahs-schwimmschule.de\/index.php?rest_route=\/wp\/v2\/pages"}],"about":[{"href":"https:\/\/sarahs-schwimmschule.de\/index.php?rest_route=\/wp\/v2\/types\/page"}],"author":[{"embeddable":true,"href":"https:\/\/sarahs-schwimmschule.de\/index.php?rest_route=\/wp\/v2\/users\/1"}],"replies":[{"embeddable":true,"href":"https:\/\/sarahs-schwimmschule.de\/index.php?rest_route=%2Fwp%2Fv2%2Fcomments&post=15"}],"version-history":[{"count":6,"href":"https:\/\/sarahs-schwimmschule.de\/index.php?rest_route=\/wp\/v2\/pages\/15\/revisions"}],"predecessor-version":[{"id":506,"href":"https:\/\/sarahs-schwimmschule.de\/index.php?rest_route=\/wp\/v2\/pages\/15\/revisions\/506"}],"wp:attachment":[{"href":"https:\/\/sarahs-schwimmschule.de\/index.php?rest_route=%2Fwp%2Fv2%2Fmedia&parent=15"}],"curies":[{"name":"wp","href":"https:\/\/api.w.org\/{rel}","templated":true}]}}